{"id":11,"date":"2020-04-14T16:30:39","date_gmt":"2020-04-14T19:30:39","guid":{"rendered":"https:\/\/www.rkpost.com.br\/?page_id=11"},"modified":"2024-04-05T17:53:32","modified_gmt":"2024-04-05T20:53:32","slug":"home","status":"publish","type":"page","link":"https:\/\/www.rkpost.com.br\/","title":{"rendered":"Home"},"content":{"rendered":"\n<h2>\n\t\tQuem Somos\n\t<\/h2>\n\t<p>A RK Post surgiu da amizade da Cac\u00e1 e da Renata, publicit\u00e1rias e jornalistas que acreditam que trazer a ess\u00eancia dessa amizade para dentro do neg\u00f3cio \u00e9 o que faz a diferen\u00e7a.<\/p>\n<p>S\u00e3o 7 anos conectando pessoas e empresas\/servi\u00e7os atrav\u00e9s de estrat\u00e9gias digitais inteligentes, personalizadas e bem elaboradas para redes sociais, ajudando a marca de nossos clientes a conquistarem espa\u00e7o e credibilidade no mercado.<\/p>\n<p>Somos um porta-voz da sua empresa nas redes sociais. Nosso objetivo \u00e9 gerar resultados de impacto positivo, com uma comunica\u00e7\u00e3o consistente, objetiva, din\u00e2mica e transparente.\u00a0<\/p>\n<p>Vamos fazer acontecer? Entre em contato e conhe\u00e7a o trabalho da RK Post e prepare sua empresa para decolar!<\/p>\n<p>&nbsp;<\/p>\n<h2>\n\t\tO que fazemos?\n\t<\/h2>\n\t\t<h3>\t\n\tFacebook<\/h3><p>A maior rede social do mundo.<\/p>\n<p>Entendemos o p\u00fablico dos nossos clientes, elaboramos conte\u00fado de forma criativa embasado em pesquisas e estudos.<\/p>\n<p>Trabalhamos com cronogramas de textos e imagens previamente aprovados por nossos clientes.<\/p>\n<p>Acompanhamento mensal de m\u00e9tricas de desempenho com gera\u00e7\u00e3o de relat\u00f3rios entregues aos clientes.<\/p>\n\t\t<h3>\t\n\tInstagram<\/h3><p>A rede social que mais cresce no Brasil.<\/p>\n<p>Essa ferramenta apresenta v\u00e1rias maneiras de intera\u00e7\u00e3o com o p\u00fablico, sendo necess\u00e1rio uma linguagem diferenciada para os textos e uma aten\u00e7\u00e3o maior para as imagens, que s\u00e3o elaboradas de forma personalizada para cada conte\u00fado\/post.<\/p>\n<p>Trabalhamos com cronogramas de textos e imagens previamente aprovados por nossos clientes.<\/p>\n<p>Acompanhamento mensal de m\u00e9tricas de desempenho com gera\u00e7\u00e3o de relat\u00f3rios entregues aos clientes.<\/p>\n\t\t<h3>\t\n\tLinkedin<\/h3><p>A maior rede profissional do mundo!<\/p>\n<p>Cria\u00e7\u00e3o de conte\u00fado relevante para o mercado corporativo. O objetivo \u00e9 aprimorar o networking do profissional e\/ou refor\u00e7ar a marca institucional de empresas.<\/p>\n<p>Trabalhamos com cronogramas de textos e imagens previamente aprovados por nossos clientes.<\/p>\n\t\t<h3>\t\n\tYoutube<\/h3><p>O YouTube \u00e9 a plataforma de compartilhamento de v\u00eddeos mais popular do mundo. O espa\u00e7o ideal para postar conte\u00fados educativos, tutoriais, v\u00eddeos informativos, m\u00fasica e conte\u00fados que seguem o formato audiovisual.<\/p>\n<p>Trabalhamos com assessoria completa para postagem de v\u00eddeos e administra\u00e7\u00e3o da p\u00e1gina.<\/p>\n\t\t<h3>\t\n\tMeta<\/h3><p>Trabalhamos com parceiros da \u00e1rea para a cria\u00e7\u00e3o das campanhas, acompanhamento semanal e entrega de relat\u00f3rio mensal para acompanhamento de desempenho e planejamento das pr\u00f3ximas campanhas.<\/p>\n\t\t<h3>\t\n\tPinterest<\/h3><p>Rede perfeita para promover intera\u00e7\u00e3o e engajamento com pessoas que buscam por inspira\u00e7\u00f5es e tend\u00eancias em diferentes \u00e1reas como moda e decora\u00e7\u00e3o. Trabalhamos com cronogramas de textos e imagens previamente aprovados por nossos clientes.<\/p>\n\t\t<h3>\t\n\tGoogle Ads e Google Analytics<\/h3><p>\u00d3tima ferramenta para aumentar a visibilidade de seu neg\u00f3cio.<\/p>\n<p>Trabalhamos com parceiros da \u00e1rea para a cria\u00e7\u00e3o da conta, desenvolvimento de an\u00fancios, an\u00e1lise de m\u00e9tricas, acompanhamento de desempenho das campanhas. Otimizamos o seu investimento utilizando as an\u00e1lises de fluxo e desenvolvimento de seu site proporcionadas pelo Google Analytics.<\/p>\n<h2>\n\t\tClientes\n\t<\/h2>\n\t<h5>Conhe\u00e7a empresas e profissionais que j\u00e1 contam com nosso diferencial:<\/h5>\n\t\t\t\t<a href=\"https:\/\/www.instagram.com\/clinicainovarp\" target=\"_blank\" rel=\"noopener\" itemprop=\"url\">\n\t\t\t\t<img loading=\"lazy\" decoding=\"async\" src=\"https:\/\/www.rkpost.com.br\/wp-content\/uploads\/2024\/04\/inovarp-logo-1-150x150.jpg\" alt=\"inovarp-logo-1\" itemprop=\"image\" height=\"150\" width=\"150\" title=\"inovarp-logo-1\" onerror=\"this.style.display='none'\"  \/>\n\t\t\t\t<\/a>\n<h3><a href=\"https:\/\/www.instagram.com\/clinicainovarp\" target=\"_blank\" rel=\"noopener\">Cl\u00ednica Inovarp<\/a><\/h3><a href=\"https:\/\/www.instagram.com\/clinicainovarp\" rel=\"noopener\" target=\"_blank\">@clinicainovarp<\/a>\t\n\t\t\t\t<a href=\"https:\/\/www.instagram.com\/grupo.ser_rio?igsh=MXRrZXQzbGYydG1teA%3D%3D\" target=\"_blank\" rel=\"noopener\" itemprop=\"url\">\n\t\t\t\t<img loading=\"lazy\" decoding=\"async\" src=\"https:\/\/www.rkpost.com.br\/wp-content\/uploads\/2024\/04\/gruposerrio-logo-1-150x150.jpg\" alt=\"gruposerrio-logo-1\" itemprop=\"image\" height=\"150\" width=\"150\" title=\"gruposerrio-logo-1\" onerror=\"this.style.display='none'\"  \/>\n\t\t\t\t<\/a>\n<h3><a href=\"https:\/\/www.instagram.com\/grupo.ser_rio?igsh=MXRrZXQzbGYydG1teA%3D%3D\" target=\"_blank\" rel=\"noopener\">Grupo Ser Rio<\/a><\/h3><a href=\"https:\/\/www.instagram.com\/grupo.ser_rio?igsh=MXRrZXQzbGYydG1teA%3D%3D\" rel=\"noopener\" target=\"_blank\">@grupo.ser_rio<\/a>\t\n\t\t\t\t<a href=\"https:\/\/www.instagram.com\/dudaomettophoto?igsh=ZXZicXpsOGJxN3J4\" target=\"_blank\" rel=\"noopener\" itemprop=\"url\">\n\t\t\t\t<img loading=\"lazy\" decoding=\"async\" src=\"https:\/\/www.rkpost.com.br\/wp-content\/uploads\/bb-plugin\/cache\/duda-logo-1-150x150-circle-1cf571490e442e35e4a60962590bf5ec-.jpg\" alt=\"duda-logo-1\" itemprop=\"image\" height=\"150\" width=\"150\" title=\"duda-logo-1\" onerror=\"this.style.display='none'\"  \/>\n\t\t\t\t<\/a>\n<h3><a href=\"https:\/\/www.instagram.com\/dudaomettophoto?igsh=ZXZicXpsOGJxN3J4\" target=\"_blank\" rel=\"noopener\">Duda Ometto<\/a><\/h3><a href=\"https:\/\/www.instagram.com\/dudaomettophoto?igsh=ZXZicXpsOGJxN3J4\" rel=\"noopener\" target=\"_blank\">@dudaomettophoto<\/a>\t\n\t\t\t\t<a href=\"https:\/\/www.instagram.com\/paula_cecchi_said\/\" target=\"_blank\" rel=\"noopener\" itemprop=\"url\">\n\t\t\t\t<img loading=\"lazy\" decoding=\"async\" src=\"https:\/\/www.rkpost.com.br\/wp-content\/uploads\/bb-plugin\/cache\/paulasecchi-logo-1-150x150-circle-edda1c28e74ebb40cbc88d60366a8ddf-.jpg\" alt=\"paulasecchi-logo-1\" itemprop=\"image\" height=\"150\" width=\"150\" title=\"paulasecchi-logo-1\" onerror=\"this.style.display='none'\"  \/>\n\t\t\t\t<\/a>\n<h3><a href=\"https:\/\/www.instagram.com\/paula_cecchi_said\/\" target=\"_blank\" rel=\"noopener\">Paula Cecchi Said Arquitetura<\/a><\/h3><a href=\"https:\/\/www.instagram.com\/paula_cecchi_said\/\" rel=\"noopener\" target=\"_blank\">@paula_cecchi_said<\/a>\t\n\t\t\t\t<a href=\"https:\/\/www.instagram.com\/clinicavisage.rioclaro\/?igshid=YmMyMTA2M2Y%3D\" target=\"_blank\" rel=\"noopener\" itemprop=\"url\">\n\t\t\t\t<img loading=\"lazy\" decoding=\"async\" src=\"https:\/\/www.rkpost.com.br\/wp-content\/uploads\/2024\/04\/visage-logo-1-150x150.jpg\" alt=\"visage-logo-1\" itemprop=\"image\" height=\"150\" width=\"150\" title=\"visage-logo-1\" onerror=\"this.style.display='none'\"  \/>\n\t\t\t\t<\/a>\n<h3><a href=\"https:\/\/www.instagram.com\/clinicavisage.rioclaro\/?igshid=YmMyMTA2M2Y%3D\" target=\"_blank\" rel=\"noopener\">Clinica Visage<\/a><\/h3><a href=\"https:\/\/www.instagram.com\/clinicavisage.rioclaro\/?igshid=YmMyMTA2M2Y%3D\" rel=\"noopener\" target=\"_blank\">@clinicavisage.rioclaro<\/a>\t\n\t\t\t\t<a href=\"https:\/\/www.instagram.com\/projobapp?igsh=aTNudXYycTFjNGdu\" target=\"_blank\" rel=\"noopener\" itemprop=\"url\">\n\t\t\t\t<img loading=\"lazy\" decoding=\"async\" src=\"https:\/\/www.rkpost.com.br\/wp-content\/uploads\/bb-plugin\/cache\/projob-log-1-150x150-circle-64fa86d9d8958a4ff7677a5438ccc0bb-.jpg\" alt=\"projob-log-1\" itemprop=\"image\" height=\"150\" width=\"150\" title=\"projob-log-1\" onerror=\"this.style.display='none'\"  \/>\n\t\t\t\t<\/a>\n<h3><a href=\"https:\/\/www.instagram.com\/projobapp?igsh=aTNudXYycTFjNGdu\" target=\"_blank\" rel=\"noopener\">Projob APP<\/a><\/h3><a href=\"https:\/\/www.instagram.com\/projobapp?igsh=aTNudXYycTFjNGdu\" rel=\"noopener\" target=\"_blank\">@projobapp<\/a>\t\n\t\t\t\t<a href=\"https:\/\/www.instagram.com\/testarienergia\/\" target=\"_blank\" rel=\"noopener\" itemprop=\"url\">\n\t\t\t\t<img loading=\"lazy\" decoding=\"async\" src=\"https:\/\/www.rkpost.com.br\/wp-content\/uploads\/bb-plugin\/cache\/testari-logo-1-150x150-circle-bf99a12e7f6b594a2779c5501ea5e74e-.jpg\" alt=\"testari-logo-1\" itemprop=\"image\" height=\"150\" width=\"150\" title=\"testari-logo-1\" onerror=\"this.style.display='none'\"  \/>\n\t\t\t\t<\/a>\n<h3><a href=\"https:\/\/www.instagram.com\/testarienergia\/\" target=\"_blank\" rel=\"noopener\">Testari Energia<\/a><\/h3><a href=\"https:\/\/www.instagram.com\/testarienergia\/\" rel=\"noopener\" target=\"_blank\">@testarienergia<\/a>\t\n\t\t\t\t<a href=\"https:\/\/www.instagram.com\/cristinatrovonutricionista\/\" target=\"_blank\" rel=\"noopener\" itemprop=\"url\">\n\t\t\t\t<img loading=\"lazy\" decoding=\"async\" src=\"https:\/\/www.rkpost.com.br\/wp-content\/uploads\/bb-plugin\/cache\/cristinatrovo-logo-1-150x150-circle-fb479f5a367b0107b88dee68c297d8e9-.jpg\" alt=\"cristinatrovo-logo-1\" itemprop=\"image\" height=\"150\" width=\"150\" title=\"cristinatrovo-logo-1\" onerror=\"this.style.display='none'\"  \/>\n\t\t\t\t<\/a>\n<h3><a href=\"https:\/\/www.instagram.com\/cristinatrovonutricionista\/\" target=\"_blank\" rel=\"noopener\">Nutricionista Cristina Trov\u00f3<\/a><\/h3><a href=\"https:\/\/www.instagram.com\/cristinatrovonutricionista\/\" rel=\"noopener\" target=\"_blank\">@cristinatrovonutricionista<\/a>\t\n\t\t\t\t<a href=\"https:\/\/www.instagram.com\/dra.carolgomides.oftalmo\/\" target=\"_blank\" rel=\"noopener\" itemprop=\"url\">\n\t\t\t\t<img loading=\"lazy\" decoding=\"async\" src=\"https:\/\/www.rkpost.com.br\/wp-content\/uploads\/bb-plugin\/cache\/carolinagomides-logo-1-150x150-circle-07322b41b12311c3e29f04bed4c4f5bc-.jpg\" alt=\"carolinagomides-logo-1\" itemprop=\"image\" height=\"150\" width=\"150\" title=\"carolinagomides-logo-1\" onerror=\"this.style.display='none'\"  \/>\n\t\t\t\t<\/a>\n<h3><a href=\"https:\/\/www.instagram.com\/dra.carolgomides.oftalmo\/\" target=\"_blank\" rel=\"noopener\">Dra. Carolina Gomides<\/a><\/h3><a href=\"https:\/\/www.instagram.com\/dra.carolgomides.oftalmo\/\" rel=\"noopener\" target=\"_blank\">@dra.carolgomides.oftalmo<\/a>\t\n\t\t\t\t<a href=\"https:\/\/www.instagram.com\/dramarilia_basso_affonso\/\" target=\"_blank\" rel=\"noopener\" itemprop=\"url\">\n\t\t\t\t<img loading=\"lazy\" decoding=\"async\" src=\"https:\/\/www.rkpost.com.br\/wp-content\/uploads\/bb-plugin\/cache\/mariliabasso-logo-1-150x150-circle-ef859c02b9ad64f5bf5b5f5d9d6b0c78-.jpg\" alt=\"mariliabasso-logo-1\" itemprop=\"image\" height=\"150\" width=\"150\" title=\"mariliabasso-logo-1\" onerror=\"this.style.display='none'\"  \/>\n\t\t\t\t<\/a>\n<h3><a href=\"https:\/\/www.instagram.com\/dramarilia_basso_affonso\/\" target=\"_blank\" rel=\"noopener\">Dra Mar\u00edlia Affonso<\/a><\/h3><a href=\"https:\/\/www.instagram.com\/dramarilia_basso_affonso\/\" rel=\"noopener\" target=\"_blank\">@dramarilia_basso_affonso<\/a>\t\n\t\t\t\t<a href=\"https:\/\/www.instagram.com\/dra.carolbarbosa\/?utm_medium=copy_link\" target=\"_blank\" rel=\"noopener\" itemprop=\"url\">\n\t\t\t\t<img loading=\"lazy\" decoding=\"async\" src=\"https:\/\/www.rkpost.com.br\/wp-content\/uploads\/bb-plugin\/cache\/carolbarbosa-logo-1-150x150-circle-2a53f37f4a442d3a6b40ed9dbd9178c3-.jpg\" alt=\"carolbarbosa-logo-1\" itemprop=\"image\" height=\"150\" width=\"150\" title=\"carolbarbosa-logo-1\" onerror=\"this.style.display='none'\"  \/>\n\t\t\t\t<\/a>\n<h3><a href=\"https:\/\/www.instagram.com\/dra.carolbarbosa\/?utm_medium=copy_link\" target=\"_blank\" rel=\"noopener\">Dra. Carol Barbosa Caram<\/a><\/h3><a href=\"https:\/\/www.instagram.com\/dra.carolbarbosa\/?utm_medium=copy_link\" rel=\"noopener\" target=\"_blank\">@dra.carolbarbosacaram<\/a>\t\n\t\t\t\t<a href=\"https:\/\/www.instagram.com\/vivian.nicolai_adv\/?hl=pt-br\" target=\"_blank\" rel=\"noopener\" itemprop=\"url\">\n\t\t\t\t<img loading=\"lazy\" decoding=\"async\" src=\"https:\/\/www.rkpost.com.br\/wp-content\/uploads\/bb-plugin\/cache\/viviannicolai-logo-1-150x150-circle-c9b9ee2d7e62b53ca5b8801fed50a582-.jpg\" alt=\"viviannicolai-logo-1\" itemprop=\"image\" height=\"150\" width=\"150\" title=\"viviannicolai-logo-1\" onerror=\"this.style.display='none'\"  \/>\n\t\t\t\t<\/a>\n<h3><a href=\"https:\/\/www.instagram.com\/vivian.nicolai_adv\/?hl=pt-br\" target=\"_blank\" rel=\"noopener\">Vivian Nicolai &#8211; Advogada<\/a><\/h3><a href=\"https:\/\/www.instagram.com\/vivian.nicolai_adv\/?hl=pt-br\" rel=\"noopener\" target=\"_blank\">@vivian.nicolai_adv<\/a>\t\n\t\t\t\t<a href=\"https:\/\/www.instagram.com\/casaestilopresentes\/?igshid=6mapzhjxpwwt\" target=\"_blank\" rel=\"noopener\" itemprop=\"url\">\n\t\t\t\t<img loading=\"lazy\" decoding=\"async\" src=\"https:\/\/www.rkpost.com.br\/wp-content\/uploads\/bb-plugin\/cache\/casaestilo-logo-1-150x150-circle-69b3070b29432b9dbb157b038e53c080-.jpg\" alt=\"casaestilo-logo-1\" itemprop=\"image\" height=\"150\" width=\"150\" title=\"casaestilo-logo-1\" onerror=\"this.style.display='none'\"  \/>\n\t\t\t\t<\/a>\n<h3><a href=\"https:\/\/www.instagram.com\/casaestilopresentes\/?igshid=6mapzhjxpwwt\" target=\"_blank\" rel=\"noopener\">Casa Estilo Presentes<\/a><\/h3><a href=\"https:\/\/www.instagram.com\/casaestilopresentes\/?igshid=6mapzhjxpwwt\" rel=\"noopener\" target=\"_blank\">@casaestilopresentes<\/a>\t\n\t\t\t\t<a href=\"https:\/\/www.instagram.com\/mactron.rp\/?hl=pt-br\" target=\"_blank\" rel=\"noopener\" itemprop=\"url\">\n\t\t\t\t<img loading=\"lazy\" decoding=\"async\" src=\"https:\/\/www.rkpost.com.br\/wp-content\/uploads\/bb-plugin\/cache\/mactron-logo-1-150x150-circle-48a06fa5aa96c6c61062f9801efe21d5-.jpg\" alt=\"mactron-logo-1\" itemprop=\"image\" height=\"150\" width=\"150\" title=\"mactron-logo-1\" onerror=\"this.style.display='none'\"  \/>\n\t\t\t\t<\/a>\n<h3><a href=\"https:\/\/www.instagram.com\/mactron.rp\/?hl=pt-br\" target=\"_blank\" rel=\"noopener\">Mactron RP<\/a><\/h3><a href=\"https:\/\/www.instagram.com\/mactron.rp\/?hl=pt-br\" rel=\"noopener\" target=\"_blank\">@mactron.rp<\/a>\t\n\t\t\t\t<a href=\"https:\/\/www.instagram.com\/juliannalimacoach?igsh=N2dkdnJveXd0M3lv\" target=\"_blank\" rel=\"noopener\" itemprop=\"url\">\n\t\t\t\t<img loading=\"lazy\" decoding=\"async\" src=\"https:\/\/www.rkpost.com.br\/wp-content\/uploads\/bb-plugin\/cache\/juliannalima-logo-1-150x150-circle-796fb15104f0dce2ee2bbf44495b4557-.jpg\" alt=\"juliannalima-logo-1\" itemprop=\"image\" height=\"150\" width=\"150\" title=\"juliannalima-logo-1\" onerror=\"this.style.display='none'\"  \/>\n\t\t\t\t<\/a>\n<h3><a href=\"https:\/\/www.instagram.com\/juliannalimacoach?igsh=N2dkdnJveXd0M3lv\" target=\"_blank\" rel=\"noopener\">Julianna Lima Coach<\/a><\/h3><a href=\"https:\/\/www.instagram.com\/juliannalimacoach?igsh=N2dkdnJveXd0M3lv\" rel=\"noopener\" target=\"_blank\">@juliannalimacoach<\/a>\t\n\t\t\t\t<a href=\"https:\/\/instagram.com\/thaismaestrello?igshid=mzboxw9n7bki\" target=\"_blank\" rel=\"noopener\" itemprop=\"url\">\n\t\t\t\t<img loading=\"lazy\" decoding=\"async\" src=\"https:\/\/www.rkpost.com.br\/wp-content\/uploads\/bb-plugin\/cache\/thaismaestrello-logo-1-150x150-circle-5715c1595dfb89aa3d53f3aa4e497e74-.jpg\" alt=\"thaismaestrello-logo-1\" itemprop=\"image\" height=\"150\" width=\"150\" title=\"thaismaestrello-logo-1\" onerror=\"this.style.display='none'\"  \/>\n\t\t\t\t<\/a>\n<h3><a href=\"https:\/\/instagram.com\/thaismaestrello?igshid=mzboxw9n7bki\" target=\"_blank\" rel=\"noopener\">Tha\u00eds Maestrello &#8211; Arquiteta<\/a><\/h3><a href=\"https:\/\/instagram.com\/thaismaestrello?igshid=mzboxw9n7bki\" rel=\"noopener\" target=\"_blank\">@thaismaestrello<\/a>\t\n\t\t\t\t<a href=\"https:\/\/www.instagram.com\/fragattaturismo\/?igshid=YmMyMTA2M2Y%3D\" target=\"_blank\" rel=\"noopener\" itemprop=\"url\">\n\t\t\t\t<img loading=\"lazy\" decoding=\"async\" src=\"https:\/\/www.rkpost.com.br\/wp-content\/uploads\/bb-plugin\/cache\/fragatta-logo-1-150x150-circle-28cbd06c87c72e10b19b7d261c29fb61-.jpg\" alt=\"fragatta-logo-1\" itemprop=\"image\" height=\"150\" width=\"150\" title=\"fragatta-logo-1\" onerror=\"this.style.display='none'\"  \/>\n\t\t\t\t<\/a>\n<h3><a href=\"https:\/\/www.instagram.com\/fragattaturismo\/?igshid=YmMyMTA2M2Y%3D\" target=\"_blank\" rel=\"noopener\">Fragatta Turismo<\/a><\/h3><a href=\"https:\/\/www.instagram.com\/fragattaturismo\/?igshid=YmMyMTA2M2Y%3D\" rel=\"noopener\" target=\"_blank\">@fragattaturismo<\/a>\t\n\t\t\t\t<a href=\"https:\/\/www.linkedin.com\/company\/adhezive-tech\/\" target=\"_blank\" rel=\"noopener\" itemprop=\"url\">\n\t\t\t\t<img loading=\"lazy\" decoding=\"async\" src=\"https:\/\/www.rkpost.com.br\/wp-content\/uploads\/bb-plugin\/cache\/adhezive-logo-1-150x150-circle-105ec2ab1f6a4178649f4983865e83ef-.jpg\" alt=\"adhezive-logo-1\" itemprop=\"image\" height=\"150\" width=\"150\" title=\"adhezive-logo-1\" onerror=\"this.style.display='none'\"  \/>\n\t\t\t\t<\/a>\n<h3><a href=\"https:\/\/www.linkedin.com\/company\/adhezive-tech\/\" target=\"_blank\" rel=\"noopener\">Adhezive Tech<\/a><\/h3><a href=\"https:\/\/www.linkedin.com\/company\/adhezive-tech\/\" rel=\"noopener\" target=\"_blank\">Adhezive Tech | Linkedin<\/a>\t\n\t\t\t\t<a href=\"https:\/\/www.instagram.com\/razzowear\/?igshid=YmMyMTA2M2Y%3D\" target=\"_blank\" rel=\"noopener\" itemprop=\"url\">\n\t\t\t\t<img loading=\"lazy\" decoding=\"async\" src=\"https:\/\/www.rkpost.com.br\/wp-content\/uploads\/bb-plugin\/cache\/razzo-logo-1-150x150-circle-645b910a6bc2753219e7bc3a732b48ff-.jpg\" alt=\"razzo-logo-1\" itemprop=\"image\" height=\"150\" width=\"150\" title=\"razzo-logo-1\" onerror=\"this.style.display='none'\"  \/>\n\t\t\t\t<\/a>\n<h3><a href=\"https:\/\/www.instagram.com\/razzowear\/?igshid=YmMyMTA2M2Y%3D\" target=\"_blank\" rel=\"noopener\">Razzo<\/a><\/h3><a href=\"https:\/\/www.instagram.com\/razzowear\/?igshid=YmMyMTA2M2Y%3D\" rel=\"noopener\" target=\"_blank\">@razzowear<\/a>\t\n\t\t\t\t<a href=\"https:\/\/www.instagram.com\/fisiosuit?igsh=em0ycDRodzhqZTA0\" target=\"_blank\" rel=\"noopener\" itemprop=\"url\">\n\t\t\t\t<img loading=\"lazy\" decoding=\"async\" src=\"https:\/\/www.rkpost.com.br\/wp-content\/uploads\/bb-plugin\/cache\/fisiosuit-logo-1-150x150-circle-550c3590e6682e79cc410c8135334501-.jpg\" alt=\"fisiosuit-logo-1\" itemprop=\"image\" height=\"150\" width=\"150\" title=\"fisiosuit-logo-1\" onerror=\"this.style.display='none'\"  \/>\n\t\t\t\t<\/a>\n<h3><a href=\"https:\/\/www.instagram.com\/fisiosuit?igsh=em0ycDRodzhqZTA0\" target=\"_blank\" rel=\"noopener\">F\u00edsio Suit &#8211; Dra. Fl\u00e1via Fortes Guimar\u00e3es<\/a><\/h3><a href=\"https:\/\/www.instagram.com\/fisiosuit?igsh=em0ycDRodzhqZTA0\" rel=\"noopener\" target=\"_blank\">@fisiosuit<\/a>\t\n<h2>\n\t\tContato\n\t<\/h2>\n\t\t\t\t<img loading=\"lazy\" decoding=\"async\" src=\"https:\/\/www.rkpost.com.br\/wp-content\/uploads\/2024\/04\/foto-contato-819x1024.jpeg\" alt=\"foto-contato\" itemprop=\"image\" height=\"1024\" width=\"819\" title=\"foto-contato\" onerror=\"this.style.display='none'\"  \/>\n\t\t\t\t<a href=\"https:\/\/wa.me\/5516997602730\" target=\"_blank\" rel=\"noopener\" itemprop=\"url\">\n\t\t\t\t<img loading=\"lazy\" decoding=\"async\" src=\"https:\/\/www.rkpost.com.br\/wp-content\/uploads\/2024\/04\/caca-wp.png\" alt=\"\" itemprop=\"image\" height=\"170\" width=\"310\" onerror=\"this.style.display='none'\"  \/>\n\t\t\t\t<\/a>\n\t\t\t\t<a href=\"https:\/\/wa.me\/5516981231661\" target=\"_blank\" rel=\"noopener\" itemprop=\"url\">\n\t\t\t\t<img loading=\"lazy\" decoding=\"async\" src=\"https:\/\/www.rkpost.com.br\/wp-content\/uploads\/2024\/04\/renata-wp.png\" alt=\"\" itemprop=\"image\" height=\"170\" width=\"310\" onerror=\"this.style.display='none'\"  \/>\n\t\t\t\t<\/a>\n\t\t\t<a href=\"http:\/\/contato@rkpost.com.br\" target=\"_self\" rel=\"noopener\">\n\t\t\t\t\t\t\tcontato@rkpost.com.br\n\t\t\t\t\t<\/a>\n\t<p><strong>Siga nossas redes sociais:<\/strong><\/p>\n\n","protected":false},"excerpt":{"rendered":"<p>Quem Somos A RK Post surgiu da amizade da Cac\u00e1 e da Renata, publicit\u00e1rias e jornalistas que acreditam que trazer a ess\u00eancia dessa amizade para dentro do neg\u00f3cio \u00e9 o que faz a diferen\u00e7a. S\u00e3o 7 anos conectando pessoas e empresas\/servi\u00e7os atrav\u00e9s de estrat\u00e9gias digitais inteligentes, personalizadas e bem elaboradas para redes sociais, ajudando a&hellip;<\/p>\n","protected":false},"author":1,"featured_media":0,"parent":0,"menu_order":0,"comment_status":"closed","ping_status":"closed","template":"","meta":{"footnotes":""},"_links":{"self":[{"href":"https:\/\/www.rkpost.com.br\/index.php?rest_route=\/wp\/v2\/pages\/11"}],"collection":[{"href":"https:\/\/www.rkpost.com.br\/index.php?rest_route=\/wp\/v2\/pages"}],"about":[{"href":"https:\/\/www.rkpost.com.br\/index.php?rest_route=\/wp\/v2\/types\/page"}],"author":[{"embeddable":true,"href":"https:\/\/www.rkpost.com.br\/index.php?rest_route=\/wp\/v2\/users\/1"}],"replies":[{"embeddable":true,"href":"https:\/\/www.rkpost.com.br\/index.php?rest_route=%2Fwp%2Fv2%2Fcomments&post=11"}],"version-history":[{"count":76,"href":"https:\/\/www.rkpost.com.br\/index.php?rest_route=\/wp\/v2\/pages\/11\/revisions"}],"predecessor-version":[{"id":242,"href":"https:\/\/www.rkpost.com.br\/index.php?rest_route=\/wp\/v2\/pages\/11\/revisions\/242"}],"wp:attachment":[{"href":"https:\/\/www.rkpost.com.br\/index.php?rest_route=%2Fwp%2Fv2%2Fmedia&parent=11"}],"curies":[{"name":"wp","href":"https:\/\/api.w.org\/{rel}","templated":true}]}}